{"id":2251,"date":"2025-01-14T14:24:59","date_gmt":"2025-01-14T13:24:59","guid":{"rendered":"https:\/\/intermodal-rostock.de\/?page_id=2251"},"modified":"2025-06-23T13:28:57","modified_gmt":"2025-06-23T11:28:57","slug":"accessmile","status":"publish","type":"page","link":"https:\/\/intermodal-rostock.de\/en\/projekte\/accessmile\/","title":{"rendered":"Accessmile"},"content":{"rendered":"<div class=\"wpb-content-wrapper\">[vc_row full_width=&#8221;stretch_row&#8221; content_placement=&#8221;middle&#8221; parallax=&#8221;content-moving&#8221; parallax_image=&#8221;1388&#8243; parallax_speed_bg=&#8221;2&#8243; wpex_bg_overlay=&#8221;color&#8221; wpex_bg_overlay_color=&#8221;#005694&#8243; wpex_bg_overlay_opacity=&#8221;0.7&#8243; css=&#8221;.vc_custom_1648820458938{background-image: url(https:\/\/intermodal-rostock.de\/wp-content\/uploads\/2022\/01\/Rostock-Port-CorCap-Ten-V-Korridor.jpg?id=1388) !important;background-position: center;background-repeat: no-repeat !important;background-size: cover !important;}&#8221; min_height=&#8221;55vh&#8221;][vc_column width=&#8221;1\/2&#8243; css=&#8221;.vc_custom_1634028746975{padding-left: 4rem !important;}&#8221; el_class=&#8221;set_TB_Padding&#8221;]<h1 class=\"vcex-heading vcex-heading-plain vcex-module wpex-heading wpex-text-2xl\"><span class=\"vcex-heading-inner wpex-inline-block\">Interreg Central Europe - ACCESSMILE<\/span><\/h1><h2 class=\"vcex-heading vcex-heading-plain vcex-module wpex-heading wpex-text-2xl\"><span class=\"vcex-heading-inner wpex-inline-block\">Verbesserung der Verkehrsanbindung l\u00e4ndlicher und peripherer Regionen in Mitteleuropa<\/span><\/h2>[\/vc_column][vc_column width=&#8221;1\/2&#8243;]<style>.vcex-image.vcex_69e084f89f4ae .vcex-image-img{border-radius:var(--wpex-rounded-md);height:+50%;}.vcex-image.vcex_69e084f89f4ae .vcex-image-inner{max-width:+50%;}<\/style><figure class=\"vcex-image vcex-module wpex-text-right vcex_69e084f89f4ae\"><div class=\"vcex-image-inner wpex-relative wpex-inline-block\"><a href=\"https:\/\/www.interreg-central.eu\/projects\/accessmile\"><img width=\"1884\" height=\"799\" src=\"https:\/\/intermodal-rostock.de\/wp-content\/uploads\/2025\/01\/ACCESSMILE_Logo_Standard_large.png\" class=\"vcex-image-img wpex-align-middle wpex-p-20 wpex-object-cover\" alt=\"\" loading=\"lazy\" decoding=\"async\" srcset=\"https:\/\/intermodal-rostock.de\/wp-content\/uploads\/2025\/01\/ACCESSMILE_Logo_Standard_large.png 1884w, https:\/\/intermodal-rostock.de\/wp-content\/uploads\/2025\/01\/ACCESSMILE_Logo_Standard_large-300x127.png 300w, https:\/\/intermodal-rostock.de\/wp-content\/uploads\/2025\/01\/ACCESSMILE_Logo_Standard_large-1024x434.png 1024w, https:\/\/intermodal-rostock.de\/wp-content\/uploads\/2025\/01\/ACCESSMILE_Logo_Standard_large-768x326.png 768w, https:\/\/intermodal-rostock.de\/wp-content\/uploads\/2025\/01\/ACCESSMILE_Logo_Standard_large-1536x651.png 1536w\" sizes=\"auto, (max-width: 1884px) 100vw, 1884px\" \/><\/a><\/div><\/figure>[\/vc_column][\/vc_row][vc_row full_width=&#8221;stretch_row&#8221; el_class=&#8221;set_TB_XLPadding&#8221; css=&#8221;.vc_custom_1748256089747{background-color: #FFFFFF !important;}&#8221;][vc_column]<style>.vcex-breadcrumbs.vcex_69e084f8a08f4{color:#104376;}<\/style><nav class=\"vcex-breadcrumbs vcex-breadcrumbs--links-inherit-color vcex-breadcrumbs--custom-color set_B_Margin vcex_69e084f8a08f4\"><span class=\"trail-begin\"><a href=\"https:\/\/intermodal-rostock.de\/en\/\" rel=\"home\"><span>Home<\/span><\/a><\/span><\/nav><style>.vcex-heading.vcex_69e084f8a1000{color:#104376;}.vcex-heading.vcex_69e084f8a1000 .vcex-heading-icon{color:#000000fa;}<\/style><h2 class=\"vcex-heading vcex-heading-plain vcex-module wpex-heading wpex-text-2xl vcex_69e084f8a1000\"><span class=\"vcex-heading-inner wpex-inline-block\"><strong>ACCESSMILE<\/strong><\/span><\/h2>[vc_column_text css=&#8221;&#8221; color=&#8221;#000000&#8243;]ROSTOCK PORT GmbH, Eigent\u00fcmer und Betreiber der Hafeninfrastruktur, ist neben Bau und Instandhaltung auch f\u00fcr die allgemeine Entwicklung des Hafens verantwortlich. In diesem Sinne kooperiert das Unternehmen mit verschiedenen internationalen Institutionen im Interreg-Projekt \u201eACCESSMILE\u201c. Ein Projektziel ist die Zusammenarbeit und Koordination zwischen den Akteuren des multimodalen G\u00fcterverkehrs in Mitteleuropa mit Hilfe innovativer IKT-Systeme zu verbessern.<br \/>\nDie Projektaktivit\u00e4ten von ROSTOCK PORT zielen darauf ab, Barrieren und Engp\u00e4sse f\u00fcr die lokale Transportindustrie bei der Nutzung intermodaler Transportl\u00f6sungen \u00fcber den Rostocker Hafen abzubauen. Hierzu soll die Entwicklung eines IT-Softwaretools zur Bereitstellung transparenter Informationen \u00fcber intermodale Transportl\u00f6sungen\/-alternativen \u00fcber den Hafen Rostock beitragen.[\/vc_column_text][\/vc_column][\/vc_row][vc_row el_class=&#8221;set_TB_XLPadding&#8221;][vc_column css=&#8221;.vc_custom_1641908692306{background-color: #104376 !important;}&#8221;][vc_row_inner equal_height=&#8221;yes&#8221;][vc_column_inner el_class=&#8221;set_TL_MinusMargin&#8221; width=&#8221;1\/3&#8243; css=&#8221;.vc_custom_1748356133687{background-position: center !important;background-repeat: no-repeat !important;background-size: contain !important;}&#8221; offset=&#8221;vc_col-xs-12&#8243;]<style>.vcex-image.vcex_69e084f8a134a .vcex-image-inner{max-width:+85%;}.vcex-image.vcex_69e084f8a134a .vcex-image-img{height:+85%;}<\/style><figure class=\"vcex-image vcex-module vcex_69e084f8a134a\"><div class=\"vcex-image-inner wpex-relative wpex-inline-block vc_custom_1750668475234\"><img loading=\"lazy\" class=\"vcex-image-img wpex-align-middle wpex-object-cover\" decoding=\"async\" src=\"https:\/\/intermodal-rostock.de\/wp-content\/uploads\/2025\/05\/ACCESSMILE_Logo_Standard_medium.png\" alt=\"\" srcset=\"https:\/\/intermodal-rostock.de\/wp-content\/uploads\/2025\/05\/ACCESSMILE_Logo_Standard_medium.png 1256w, https:\/\/intermodal-rostock.de\/wp-content\/uploads\/2025\/05\/ACCESSMILE_Logo_Standard_medium-300x127.png 300w, https:\/\/intermodal-rostock.de\/wp-content\/uploads\/2025\/05\/ACCESSMILE_Logo_Standard_medium-1024x435.png 1024w, https:\/\/intermodal-rostock.de\/wp-content\/uploads\/2025\/05\/ACCESSMILE_Logo_Standard_medium-768x326.png 768w\" width=\"1256\" height=\"533\"><\/div><\/figure>[\/vc_column_inner][vc_column_inner el_class=&#8221;set_TB_XLPadding set_RL_SPadding&#8221; width=&#8221;1\/2&#8243;]<h2 class=\"vcex-heading vcex-heading-plain vcex-module wpex-heading wpex-text-2xl\"><span class=\"vcex-heading-inner wpex-inline-block\"><strong>Interreg CENTRAL Europe Projekt<\/strong><\/span><\/h2>[vc_column_text align=&#8221;left&#8221; css=&#8221;&#8221; width=&#8221;100%&#8221;]\n<div class=\"\" data-block=\"true\" data-editor=\"3mfn3\" data-offset-key=\"dd5bq-0-0\"><\/div>\n<div class=\"\" data-block=\"true\" data-editor=\"3mfn3\" data-offset-key=\"dhclk-0-0\">\n<div class=\"public-DraftStyleDefault-block public-DraftStyleDefault-ltr\" data-offset-key=\"dhclk-0-0\"><span data-offset-key=\"dhclk-0-0\">Das Projekt <a href=\"https:\/\/www.interreg-central.eu\/projects\/accessmile\/\">ACCESSMILE<\/a> wurde im Dezember 2022 im Rahmen des ersten Aufrufs des Interreg Central Europe Programms f\u00fcr den Zeitraum 2021-2027 genehmigt, mit dem spezifischen Ziel: &#8220;Verbesserung der Verkehrsanbindung l\u00e4ndlicher und peripherer Regionen in Mitteleuropa&#8221;. Es handelt sich um ein 3-j\u00e4hriges Projekt, das im April 2023 begann und an dem insgesamt 11 Projektpartner aus 7 EU-L\u00e4ndern beteiligt sind: Deutschland, Italien, Slowenien, Ungarn, \u00d6sterreich, Kroatien und Polen. W\u00e4hrend des Projekts werden Pilotma\u00dfnahmen im Bereich innovativer Koordinationsplattformen erprobt; es finden Aktivit\u00e4ten zur Reduzierung von Engp\u00e4ssen im intermodalen Netzwerk statt, wobei neue Systeme zur Digitalisierung von Prozessen eingesetzt werden.<\/span><\/div>\n<\/div>\n[\/vc_column_text]<style>.vcex-button.vcex_69e084f8a2997{background:#195fa1;width:100%;}<\/style><div class=\"vc_custom_1750670416782 wpex-clr\"><a href=\"https:\/\/www.interreg-central.eu\/wp-content\/uploads\/2024\/10\/1_ACCESSMILE_A4.pdf\" class=\"vcex-button theme-button inline redButton set_TB_Margin wpex-flex-shrink-0 vcex_69e084f8a2997\" target=\"_blank\" download rel=\"noopener noreferrer\"><span class=\"vcex-button-inner theme-button-inner wpex-flex wpex-flex-wrap wpex-items-center wpex-justify-center\">Accessmile Brosch\u00fcre<\/span><\/a><\/div> <style>.vcex-button.vcex_69e084f8a2dfa{background:transparent;width:100%;font-size:1.4rem;}.vcex-button.vcex_69e084f8a2dfa:hover{color:#000000!important;}<\/style><a href=\"https:\/\/www.interreg-central.eu\/wp-content\/uploads\/2024\/06\/Interreg_PosterPortrait_A3_2022_ACCESSMILE.pdf\" class=\"vcex-button theme-button align-right inline redButton set_TB_Margin wpex-flex-shrink-0 hidden vcex_69e084f8a2dfa\" target=\"_blank\" download rel=\"noopener noreferrer\"><span class=\"vcex-button-inner theme-button-inner wpex-flex wpex-flex-wrap wpex-items-center wpex-justify-center\">Poster Portait<\/span><\/a> [\/vc_column_inner][\/vc_row_inner][\/vc_column][\/vc_row][vc_row][vc_column width=&#8221;1\/2&#8243;][\/vc_column][vc_column width=&#8221;1\/2&#8243;][\/vc_column][\/vc_row][vc_row][vc_column][vc_column_text]\n<p>I am text block. Click edit button to change this text. Lorem ipsum dolor sit amet, consectetur adipiscing elit. Ut elit tellus, luctus nec ullamcorper mattis, pulvinar dapibus leo.<\/p>\n[\/vc_column_text][\/vc_column][\/vc_row]\n<\/div>","protected":false},"excerpt":{"rendered":"<p>[vc_row full_width=&#8221;stretch_row&#8221; content_placement=&#8221;middle&#8221; parallax=&#8221;content-moving&#8221; parallax_image=&#8221;1388&#8243; parallax_speed_bg=&#8221;2&#8243; wpex_bg_overlay=&#8221;color&#8221; wpex_bg_overlay_color=&#8221;#005694&#8243; wpex_bg_overlay_opacity=&#8221;0.7&#8243; css=&#8221;.vc_custom_1648820458938{background-image: url(https:\/\/intermodal-rostock.de\/wp-content\/uploads\/2022\/01\/Rostock-Port-CorCap-Ten-V-Korridor.jpg?id=1388) !important;background-position: center;background-repeat: no-repeat !important;background-size: cover !important;}&#8221; min_height=&#8221;55vh&#8221;][vc_column width=&#8221;1\/2&#8243; css=&#8221;.vc_custom_1634028746975{padding-left: 4rem !important;}&#8221; el_class=&#8221;set_TB_Padding&#8221;][\/vc_column][vc_column width=&#8221;1\/2&#8243;][\/vc_column][\/vc_row][vc_row full_width=&#8221;stretch_row&#8221; el_class=&#8221;set_TB_XLPadding&#8221; css=&#8221;.vc_custom_1748256089747{background-color: #FFFFFF !important;}&#8221;][vc_column][vc_column_text css=&#8221;&#8221; color=&#8221;#000000&#8243;]ROSTOCK PORT GmbH, Eigent\u00fcmer und Betreiber der Hafeninfrastruktur, ist neben Bau und Instandhaltung auch f\u00fcr die allgemeine Entwicklung des Hafens verantwortlich. In diesem Sinne kooperiert&hellip;<\/p>\n","protected":false},"author":3,"featured_media":0,"parent":547,"menu_order":2,"comment_status":"closed","ping_status":"closed","template":"","meta":{"_acf_changed":false,"footnotes":""},"class_list":["post-2251","page","type-page","status-publish","hentry","entry","no-media"],"acf":[],"_links":{"self":[{"href":"https:\/\/intermodal-rostock.de\/en\/wp-json\/wp\/v2\/pages\/2251","targetHints":{"allow":["GET"]}}],"collection":[{"href":"https:\/\/intermodal-rostock.de\/en\/wp-json\/wp\/v2\/pages"}],"about":[{"href":"https:\/\/intermodal-rostock.de\/en\/wp-json\/wp\/v2\/types\/page"}],"author":[{"embeddable":true,"href":"https:\/\/intermodal-rostock.de\/en\/wp-json\/wp\/v2\/users\/3"}],"replies":[{"embeddable":true,"href":"https:\/\/intermodal-rostock.de\/en\/wp-json\/wp\/v2\/comments?post=2251"}],"version-history":[{"count":16,"href":"https:\/\/intermodal-rostock.de\/en\/wp-json\/wp\/v2\/pages\/2251\/revisions"}],"predecessor-version":[{"id":4196,"href":"https:\/\/intermodal-rostock.de\/en\/wp-json\/wp\/v2\/pages\/2251\/revisions\/4196"}],"up":[{"embeddable":true,"href":"https:\/\/intermodal-rostock.de\/en\/wp-json\/wp\/v2\/pages\/547"}],"wp:attachment":[{"href":"https:\/\/intermodal-rostock.de\/en\/wp-json\/wp\/v2\/media?parent=2251"}],"curies":[{"name":"wp","href":"https:\/\/api.w.org\/{rel}","templated":true}]}}